{"id":115,"date":"2024-10-05T09:10:28","date_gmt":"2024-10-05T09:10:28","guid":{"rendered":"https:\/\/www.spiriturbandata.com\/?page_id=115"},"modified":"2024-10-20T08:11:58","modified_gmt":"2024-10-20T08:11:58","slug":"bienestar-urbano","status":"publish","type":"page","link":"https:\/\/www.spiriturbandata.com\/index.php\/bienestar-urbano\/","title":{"rendered":"BIENESTAR URBANO"},"content":{"rendered":"\n<p>www<a href=\"https:\/\/www.vicomtech.org\/es\/soluciones-de-empresa\/sector\/movilidad-inteligente\">https:\/\/www.vicomtech.org\/es\/soluciones-de-empresa\/sector\/movilidad-inteligente<\/a><\/p>\n\n\n\n<p><strong>Bien estar urbano inteligente<\/strong><\/p>\n\n\n\n<p>Trabajamos con los ayuntamientos en el desarrollo de soluciones innovadoras que contribuyen a la transformaci\u00f3n continua de los modelos de &#8230; para con&#8230; <\/p>\n\n\n\n<p>Los nuevos modelos urbanos de bien estar requieren de evoluci\u00f3n en la forma de obtener y enviar recursos haci\u00e9ndolos accesibles a nuestras comunidades. Para ello colaboramos con los sistemas y servicios sociales, las organizaciones de la ayuda humanitaria, las empresas tecnol\u00f3gicas del sector y el sector biom\u00e9dico y de investigaci\u00f3n.<\/p>\n\n\n\n<p>WWW<a href=\"https:\/\/www.vicomtech.org\/es\/idi-tangible\/casos-exito\/caso\/autoevl\">https:\/\/www.vicomtech.org\/es\/idi-tangible\/casos-exito\/caso\/autoevl<\/a><\/p>\n\n\n\n<p>INTTERSER<strong>EV@L, automatizaci\u00f3n multivehicular<\/strong> mediante el desarrollo, verificaci\u00f3n y validaci\u00f3n INTELIGENTE de funciones automatizadas.<\/p>\n","protected":false},"excerpt":{"rendered":"<p>wwwhttps:\/\/www.vicomtech.org\/es\/soluciones-de-empresa\/sector\/movilidad-inteligente Bien estar urbano inteligente Trabajamos con los ayuntamientos en el desarrollo de soluciones innovadoras que contribuyen a la transformaci\u00f3n continua de los modelos de &#8230; para con&#8230; Los nuevos modelos urbanos de bien estar requieren de evoluci\u00f3n en la forma de obtener y enviar recursos haci\u00e9ndolos accesibles a nuestras [&hellip;]<\/p>\n","protected":false},"author":1,"featured_media":0,"parent":0,"menu_order":0,"comment_status":"closed","ping_status":"closed","template":"","meta":{"footnotes":""},"_links":{"self":[{"href":"https:\/\/www.spiriturbandata.com\/index.php\/wp-json\/wp\/v2\/pages\/115"}],"collection":[{"href":"https:\/\/www.spiriturbandata.com\/index.php\/wp-json\/wp\/v2\/pages"}],"about":[{"href":"https:\/\/www.spiriturbandata.com\/index.php\/wp-json\/wp\/v2\/types\/page"}],"author":[{"embeddable":true,"href":"https:\/\/www.spiriturbandata.com\/index.php\/wp-json\/wp\/v2\/users\/1"}],"replies":[{"embeddable":true,"href":"https:\/\/www.spiriturbandata.com\/index.php\/wp-json\/wp\/v2\/comments?post=115"}],"version-history":[{"count":2,"href":"https:\/\/www.spiriturbandata.com\/index.php\/wp-json\/wp\/v2\/pages\/115\/revisions"}],"predecessor-version":[{"id":131,"href":"https:\/\/www.spiriturbandata.com\/index.php\/wp-json\/wp\/v2\/pages\/115\/revisions\/131"}],"wp:attachment":[{"href":"https:\/\/www.spiriturbandata.com\/index.php\/wp-json\/wp\/v2\/media?parent=115"}],"curies":[{"name":"wp","href":"https:\/\/api.w.org\/{rel}","templated":true}]}}